{"id":4488,"date":"2015-12-07T13:34:32","date_gmt":"2015-12-07T12:34:32","guid":{"rendered":"https:\/\/padma-original.com\/product\/padma-basic\/"},"modified":"2026-04-15T14:51:59","modified_gmt":"2026-04-15T12:51:59","slug":"padma-basic","status":"publish","type":"product","link":"https:\/\/padma-original.com\/it\/prodotto\/padma-basic\/","title":{"rendered":"Padma Basic"},"content":{"rendered":"<p>Padma Basic \u00e8 un preparato a base di erbe che affonda le sue radici negli antichi insegnamenti tibetani sulla salute. Questa formula \u00e8 composta da 21 ingredienti vegetali accuratamente selezionati ed \u00e8 prodotta in Svizzera secondo rigorosi standard di qualit\u00e0. Padma Basic si basa sulla formula tradizionale Gabur, proprio come Padma 28N (farmaco registrato in Svizzera).<\/p>\n<p>La scienza della salute tibetana si concentra sul mantenimento dell&#8217;equilibrio e sul sostegno dell&#8217;organismo. Padma Basic sostiene, tra l&#8217;altro, la circolazione e il sistema immunitario.\u00b9\u00b2<\/p>\n","protected":false},"excerpt":{"rendered":"<p>Padma Basic \u00e8 un preparato a base di erbe che affonda le sue radici negli antichi insegnamenti tibetani sulla salute. Questa formula \u00e8 composta da 21 ingredienti vegetali accuratamente selezionati ed \u00e8 prodotta in Svizzera secondo rigorosi standard di qualit\u00e0. Padma Basic si basa sulla formula tradizionale Gabur, proprio come Padma 28N (farmaco registrato in Svizzera). La scienza della salute&hellip;<\/p>\n","protected":false},"featured_media":4494,"comment_status":"closed","ping_status":"closed","template":"","meta":{"_acf_changed":false,"inline_featured_image":false},"product_brand":[],"product_cat":[112],"product_tag":[],"class_list":{"0":"post-4488","1":"product","2":"type-product","3":"status-publish","4":"has-post-thumbnail","6":"product_cat-geen-onderdeel-van-een-categorie-2-it","9":"first","10":"instock","11":"taxable","12":"shipping-taxable","13":"purchasable","14":"product-type-simple"},"acf":[],"_links":{"self":[{"href":"https:\/\/padma-original.com\/it\/wp-json\/wp\/v2\/product\/4488","targetHints":{"allow":["GET"]}}],"collection":[{"href":"https:\/\/padma-original.com\/it\/wp-json\/wp\/v2\/product"}],"about":[{"href":"https:\/\/padma-original.com\/it\/wp-json\/wp\/v2\/types\/product"}],"replies":[{"embeddable":true,"href":"https:\/\/padma-original.com\/it\/wp-json\/wp\/v2\/comments?post=4488"}],"wp:featuredmedia":[{"embeddable":true,"href":"https:\/\/padma-original.com\/it\/wp-json\/wp\/v2\/media\/4494"}],"wp:attachment":[{"href":"https:\/\/padma-original.com\/it\/wp-json\/wp\/v2\/media?parent=4488"}],"wp:term":[{"taxonomy":"product_brand","embeddable":true,"href":"https:\/\/padma-original.com\/it\/wp-json\/wp\/v2\/product_brand?post=4488"},{"taxonomy":"product_cat","embeddable":true,"href":"https:\/\/padma-original.com\/it\/wp-json\/wp\/v2\/product_cat?post=4488"},{"taxonomy":"product_tag","embeddable":true,"href":"https:\/\/padma-original.com\/it\/wp-json\/wp\/v2\/product_tag?post=4488"}],"curies":[{"name":"wp","href":"https:\/\/api.w.org\/{rel}","templated":true}]}}