{"id":4471,"date":"2015-12-07T13:35:07","date_gmt":"2015-12-07T12:35:07","guid":{"rendered":"https:\/\/padma-original.com\/product\/padma-nervotonin\/"},"modified":"2025-07-05T08:06:46","modified_gmt":"2025-07-05T06:06:46","slug":"padma-nervotonin","status":"publish","type":"product","link":"https:\/\/padma-original.com\/fr\/produit\/padma-nervotonin\/","title":{"rendered":"Padma Nervotonin"},"content":{"rendered":"<p>Padma Nervotonin est une formule \u00e0 base de plantes issues de la tradition tib\u00e9taine, d\u00e9velopp\u00e9e en Suisse selon des normes de qualit\u00e9 \u00e9lev\u00e9es. Le compl\u00e9ment associe entre autres le myrobalan, la noix de muscade et la cerise du N\u00e9pal. Padma Nervotonin est souvent choisi en p\u00e9riode de stress pour soutenir l&rsquo;\u00e9quilibre mental et le syst\u00e8me nerveux\u00b9.<\/p>\n","protected":false},"excerpt":{"rendered":"<p>Padma Nervotonin est une formule \u00e0 base de plantes issues de la tradition tib\u00e9taine, d\u00e9velopp\u00e9e en Suisse selon des normes de qualit\u00e9 \u00e9lev\u00e9es. Le compl\u00e9ment associe entre autres le myrobalan, la noix de muscade et la cerise du N\u00e9pal. Padma Nervotonin est souvent choisi en p\u00e9riode de stress pour soutenir l&rsquo;\u00e9quilibre mental et le syst\u00e8me nerveux\u00b9.<\/p>\n","protected":false},"featured_media":4475,"comment_status":"closed","ping_status":"closed","template":"","meta":{"_acf_changed":false,"inline_featured_image":false},"product_brand":[],"product_cat":[111],"product_tag":[],"class_list":{"0":"post-4471","1":"product","2":"type-product","3":"status-publish","4":"has-post-thumbnail","6":"product_cat-geen-onderdeel-van-een-categorie-2-fr","9":"first","10":"instock","11":"taxable","12":"shipping-taxable","13":"purchasable","14":"product-type-simple"},"acf":[],"_links":{"self":[{"href":"https:\/\/padma-original.com\/fr\/wp-json\/wp\/v2\/product\/4471","targetHints":{"allow":["GET"]}}],"collection":[{"href":"https:\/\/padma-original.com\/fr\/wp-json\/wp\/v2\/product"}],"about":[{"href":"https:\/\/padma-original.com\/fr\/wp-json\/wp\/v2\/types\/product"}],"replies":[{"embeddable":true,"href":"https:\/\/padma-original.com\/fr\/wp-json\/wp\/v2\/comments?post=4471"}],"wp:featuredmedia":[{"embeddable":true,"href":"https:\/\/padma-original.com\/fr\/wp-json\/wp\/v2\/media\/4475"}],"wp:attachment":[{"href":"https:\/\/padma-original.com\/fr\/wp-json\/wp\/v2\/media?parent=4471"}],"wp:term":[{"taxonomy":"product_brand","embeddable":true,"href":"https:\/\/padma-original.com\/fr\/wp-json\/wp\/v2\/product_brand?post=4471"},{"taxonomy":"product_cat","embeddable":true,"href":"https:\/\/padma-original.com\/fr\/wp-json\/wp\/v2\/product_cat?post=4471"},{"taxonomy":"product_tag","embeddable":true,"href":"https:\/\/padma-original.com\/fr\/wp-json\/wp\/v2\/product_tag?post=4471"}],"curies":[{"name":"wp","href":"https:\/\/api.w.org\/{rel}","templated":true}]}}