{"id":4461,"date":"2015-12-07T13:35:25","date_gmt":"2015-12-07T12:35:25","guid":{"rendered":"https:\/\/padma-original.com\/product\/padma-digestin\/"},"modified":"2025-07-05T08:06:45","modified_gmt":"2025-07-05T06:06:45","slug":"padma-digestin","status":"publish","type":"product","link":"https:\/\/padma-original.com\/fr\/produit\/padma-digestin\/","title":{"rendered":"Padma Digestin Plus"},"content":{"rendered":"<p>Padma Digestin est une pr\u00e9paration tib\u00e9taine \u00e0 base de plantes pr\u00e9par\u00e9e en Suisse, enti\u00e8rement selon les principes de l&rsquo;enseignement tib\u00e9tain de la sant\u00e9. La formule est bas\u00e9e sur une recette classique Se &lsquo;bru 5 (prononcer &lsquo;Sendu&rsquo;), qui est utilis\u00e9e dans cette tradition pour soutenir ce que l&rsquo;on appelle la chaleur digestive. Selon les enseignements tib\u00e9tains, il s&rsquo;agit d&rsquo;un principe fondamental : un syst\u00e8me digestif fonctionnant correctement est essentiel \u00e0 la transformation des aliments et \u00e0 l&rsquo;absorption des nutriments.<\/p>\n","protected":false},"excerpt":{"rendered":"<p>Padma Digestin est une pr\u00e9paration tib\u00e9taine \u00e0 base de plantes pr\u00e9par\u00e9e en Suisse, enti\u00e8rement selon les principes de l&rsquo;enseignement tib\u00e9tain de la sant\u00e9. La formule est bas\u00e9e sur une recette classique Se &lsquo;bru 5 (prononcer &lsquo;Sendu&rsquo;), qui est utilis\u00e9e dans cette tradition pour soutenir ce que l&rsquo;on appelle la chaleur digestive. Selon les enseignements tib\u00e9tains, il s&rsquo;agit d&rsquo;un principe fondamental\u2026<\/p>\n","protected":false},"featured_media":4462,"comment_status":"closed","ping_status":"closed","template":"","meta":{"_acf_changed":false,"inline_featured_image":false},"product_brand":[],"product_cat":[111],"product_tag":[],"class_list":{"0":"post-4461","1":"product","2":"type-product","3":"status-publish","4":"has-post-thumbnail","6":"product_cat-geen-onderdeel-van-een-categorie-2-fr","9":"first","10":"instock","11":"taxable","12":"shipping-taxable","13":"purchasable","14":"product-type-simple"},"acf":[],"_links":{"self":[{"href":"https:\/\/padma-original.com\/fr\/wp-json\/wp\/v2\/product\/4461","targetHints":{"allow":["GET"]}}],"collection":[{"href":"https:\/\/padma-original.com\/fr\/wp-json\/wp\/v2\/product"}],"about":[{"href":"https:\/\/padma-original.com\/fr\/wp-json\/wp\/v2\/types\/product"}],"replies":[{"embeddable":true,"href":"https:\/\/padma-original.com\/fr\/wp-json\/wp\/v2\/comments?post=4461"}],"wp:featuredmedia":[{"embeddable":true,"href":"https:\/\/padma-original.com\/fr\/wp-json\/wp\/v2\/media\/4462"}],"wp:attachment":[{"href":"https:\/\/padma-original.com\/fr\/wp-json\/wp\/v2\/media?parent=4461"}],"wp:term":[{"taxonomy":"product_brand","embeddable":true,"href":"https:\/\/padma-original.com\/fr\/wp-json\/wp\/v2\/product_brand?post=4461"},{"taxonomy":"product_cat","embeddable":true,"href":"https:\/\/padma-original.com\/fr\/wp-json\/wp\/v2\/product_cat?post=4461"},{"taxonomy":"product_tag","embeddable":true,"href":"https:\/\/padma-original.com\/fr\/wp-json\/wp\/v2\/product_tag?post=4461"}],"curies":[{"name":"wp","href":"https:\/\/api.w.org\/{rel}","templated":true}]}}