{"id":4441,"date":"2015-12-07T13:35:55","date_gmt":"2015-12-07T12:35:55","guid":{"rendered":"https:\/\/padma-original.com\/product\/padma-aciben\/"},"modified":"2025-07-05T08:06:44","modified_gmt":"2025-07-05T06:06:44","slug":"padma-aciben","status":"publish","type":"product","link":"https:\/\/padma-original.com\/fr\/produit\/padma-aciben\/","title":{"rendered":"Padma Aciben"},"content":{"rendered":"<p>Padma Aciben est une pr\u00e9paration tib\u00e9taine \u00e0 base de plantes pr\u00e9par\u00e9e en Suisse selon les principes de l&rsquo;enseignement tib\u00e9tain de la sant\u00e9. Cette formule contient des ingr\u00e9dients \u00e0 base de plantes soigneusement s\u00e9lectionn\u00e9s et des recettes traditionnellement utilis\u00e9es dans le cadre de cet ancien enseignement de la sant\u00e9. Selon l&rsquo;herboristerie tib\u00e9taine, Padma Aciben fait partie des saveurs piquantes.<\/p>\n<p>L&rsquo;approche tib\u00e9taine se concentre sur le maintien de l&rsquo;\u00e9quilibre du corps. Padma Aciben est notamment utilis\u00e9 pour soutenir la digestion\u00b9, dans le cadre d&rsquo;un mode de vie \u00e9quilibr\u00e9.<\/p>\n","protected":false},"excerpt":{"rendered":"<p>Padma Aciben est une pr\u00e9paration tib\u00e9taine \u00e0 base de plantes pr\u00e9par\u00e9e en Suisse selon les principes de l&rsquo;enseignement tib\u00e9tain de la sant\u00e9. Cette formule contient des ingr\u00e9dients \u00e0 base de plantes soigneusement s\u00e9lectionn\u00e9s et des recettes traditionnellement utilis\u00e9es dans le cadre de cet ancien enseignement de la sant\u00e9. Selon l&rsquo;herboristerie tib\u00e9taine, Padma Aciben fait partie des saveurs piquantes. L&rsquo;approche tib\u00e9taine\u2026<\/p>\n","protected":false},"featured_media":4445,"comment_status":"closed","ping_status":"closed","template":"","meta":{"_acf_changed":false,"inline_featured_image":false},"product_brand":[],"product_cat":[111],"product_tag":[],"class_list":{"0":"post-4441","1":"product","2":"type-product","3":"status-publish","4":"has-post-thumbnail","6":"product_cat-geen-onderdeel-van-een-categorie-2-fr","9":"first","10":"instock","11":"taxable","12":"shipping-taxable","13":"purchasable","14":"product-type-simple"},"acf":[],"_links":{"self":[{"href":"https:\/\/padma-original.com\/fr\/wp-json\/wp\/v2\/product\/4441","targetHints":{"allow":["GET"]}}],"collection":[{"href":"https:\/\/padma-original.com\/fr\/wp-json\/wp\/v2\/product"}],"about":[{"href":"https:\/\/padma-original.com\/fr\/wp-json\/wp\/v2\/types\/product"}],"replies":[{"embeddable":true,"href":"https:\/\/padma-original.com\/fr\/wp-json\/wp\/v2\/comments?post=4441"}],"wp:featuredmedia":[{"embeddable":true,"href":"https:\/\/padma-original.com\/fr\/wp-json\/wp\/v2\/media\/4445"}],"wp:attachment":[{"href":"https:\/\/padma-original.com\/fr\/wp-json\/wp\/v2\/media?parent=4441"}],"wp:term":[{"taxonomy":"product_brand","embeddable":true,"href":"https:\/\/padma-original.com\/fr\/wp-json\/wp\/v2\/product_brand?post=4441"},{"taxonomy":"product_cat","embeddable":true,"href":"https:\/\/padma-original.com\/fr\/wp-json\/wp\/v2\/product_cat?post=4441"},{"taxonomy":"product_tag","embeddable":true,"href":"https:\/\/padma-original.com\/fr\/wp-json\/wp\/v2\/product_tag?post=4441"}],"curies":[{"name":"wp","href":"https:\/\/api.w.org\/{rel}","templated":true}]}}