{"id":4431,"date":"2015-12-07T13:36:10","date_gmt":"2015-12-07T12:36:10","guid":{"rendered":"https:\/\/padma-original.com\/product\/padma-hepaten\/"},"modified":"2025-07-28T14:32:59","modified_gmt":"2025-07-28T12:32:59","slug":"padma-hepaten","status":"publish","type":"product","link":"https:\/\/padma-original.com\/fr\/produit\/padma-hepaten\/","title":{"rendered":"Padma Hepaten"},"content":{"rendered":"<p>Padma Hepaten associe des herbes tib\u00e9taines traditionnelles \u00e0 de la choline pour soutenir la fonction de nettoyage du foie. La formule est bas\u00e9e sur la recette classique \u00ab\u00a0Bras bu 3\u00a0\u00bb, \u00e9galement connue sous le nom de \u00ab\u00a0formule des 3 fruits\u00a0\u00bb. La choline contribue au maintien d&rsquo;une fonction h\u00e9patique normale\u00b9.<\/p>\n","protected":false},"excerpt":{"rendered":"<p>Padma Hepaten associe des herbes tib\u00e9taines traditionnelles \u00e0 de la choline pour soutenir la fonction de nettoyage du foie. La formule est bas\u00e9e sur la recette classique \u00ab\u00a0Bras bu 3\u00a0\u00bb, \u00e9galement connue sous le nom de \u00ab\u00a0formule des 3 fruits\u00a0\u00bb. La choline contribue au maintien d&rsquo;une fonction h\u00e9patique normale\u00b9.<\/p>\n","protected":false},"featured_media":4432,"comment_status":"closed","ping_status":"closed","template":"","meta":{"_acf_changed":false,"inline_featured_image":false},"product_brand":[],"product_cat":[111],"product_tag":[],"class_list":{"0":"post-4431","1":"product","2":"type-product","3":"status-publish","4":"has-post-thumbnail","6":"product_cat-geen-onderdeel-van-een-categorie-2-fr","9":"first","10":"instock","11":"taxable","12":"shipping-taxable","13":"purchasable","14":"product-type-simple"},"acf":[],"_links":{"self":[{"href":"https:\/\/padma-original.com\/fr\/wp-json\/wp\/v2\/product\/4431","targetHints":{"allow":["GET"]}}],"collection":[{"href":"https:\/\/padma-original.com\/fr\/wp-json\/wp\/v2\/product"}],"about":[{"href":"https:\/\/padma-original.com\/fr\/wp-json\/wp\/v2\/types\/product"}],"replies":[{"embeddable":true,"href":"https:\/\/padma-original.com\/fr\/wp-json\/wp\/v2\/comments?post=4431"}],"wp:featuredmedia":[{"embeddable":true,"href":"https:\/\/padma-original.com\/fr\/wp-json\/wp\/v2\/media\/4432"}],"wp:attachment":[{"href":"https:\/\/padma-original.com\/fr\/wp-json\/wp\/v2\/media?parent=4431"}],"wp:term":[{"taxonomy":"product_brand","embeddable":true,"href":"https:\/\/padma-original.com\/fr\/wp-json\/wp\/v2\/product_brand?post=4431"},{"taxonomy":"product_cat","embeddable":true,"href":"https:\/\/padma-original.com\/fr\/wp-json\/wp\/v2\/product_cat?post=4431"},{"taxonomy":"product_tag","embeddable":true,"href":"https:\/\/padma-original.com\/fr\/wp-json\/wp\/v2\/product_tag?post=4431"}],"curies":[{"name":"wp","href":"https:\/\/api.w.org\/{rel}","templated":true}]}}