{"id":4421,"date":"2024-09-04T16:14:40","date_gmt":"2024-09-04T14:14:40","guid":{"rendered":"https:\/\/padma-original.com\/product\/padma-galeten\/"},"modified":"2025-07-05T08:06:45","modified_gmt":"2025-07-05T06:06:45","slug":"padma-galeten","status":"publish","type":"product","link":"https:\/\/padma-original.com\/fr\/produit\/padma-galeten\/","title":{"rendered":"Padma Galeten"},"content":{"rendered":"<p>Padma Galeten associe des plantes au zinc pour soutenir le m\u00e9tabolisme des graisses et l&rsquo;\u00e9quilibre acido-basique\u00b9. Ce compl\u00e9ment s&rsquo;inspire de la recette traditionnelle tib\u00e9taine \u00ab\u00a0Garnag\u00a0\u00bb et est produit en Suisse selon des normes de qualit\u00e9 \u00e9lev\u00e9es.<\/p>\n","protected":false},"excerpt":{"rendered":"<p>Padma Galeten associe des plantes au zinc pour soutenir le m\u00e9tabolisme des graisses et l&rsquo;\u00e9quilibre acido-basique\u00b9. Ce compl\u00e9ment s&rsquo;inspire de la recette traditionnelle tib\u00e9taine \u00ab\u00a0Garnag\u00a0\u00bb et est produit en Suisse selon des normes de qualit\u00e9 \u00e9lev\u00e9es.<\/p>\n","protected":false},"featured_media":4422,"comment_status":"closed","ping_status":"closed","template":"","meta":{"_acf_changed":false,"inline_featured_image":false},"product_brand":[],"product_cat":[111],"product_tag":[],"class_list":{"0":"post-4421","1":"product","2":"type-product","3":"status-publish","4":"has-post-thumbnail","6":"product_cat-geen-onderdeel-van-een-categorie-2-fr","9":"first","10":"instock","11":"taxable","12":"shipping-taxable","13":"purchasable","14":"product-type-simple"},"acf":[],"_links":{"self":[{"href":"https:\/\/padma-original.com\/fr\/wp-json\/wp\/v2\/product\/4421","targetHints":{"allow":["GET"]}}],"collection":[{"href":"https:\/\/padma-original.com\/fr\/wp-json\/wp\/v2\/product"}],"about":[{"href":"https:\/\/padma-original.com\/fr\/wp-json\/wp\/v2\/types\/product"}],"replies":[{"embeddable":true,"href":"https:\/\/padma-original.com\/fr\/wp-json\/wp\/v2\/comments?post=4421"}],"wp:featuredmedia":[{"embeddable":true,"href":"https:\/\/padma-original.com\/fr\/wp-json\/wp\/v2\/media\/4422"}],"wp:attachment":[{"href":"https:\/\/padma-original.com\/fr\/wp-json\/wp\/v2\/media?parent=4421"}],"wp:term":[{"taxonomy":"product_brand","embeddable":true,"href":"https:\/\/padma-original.com\/fr\/wp-json\/wp\/v2\/product_brand?post=4421"},{"taxonomy":"product_cat","embeddable":true,"href":"https:\/\/padma-original.com\/fr\/wp-json\/wp\/v2\/product_cat?post=4421"},{"taxonomy":"product_tag","embeddable":true,"href":"https:\/\/padma-original.com\/fr\/wp-json\/wp\/v2\/product_tag?post=4421"}],"curies":[{"name":"wp","href":"https:\/\/api.w.org\/{rel}","templated":true}]}}