{"id":4411,"date":"2024-09-04T16:23:44","date_gmt":"2024-09-04T14:23:44","guid":{"rendered":"https:\/\/padma-original.com\/product\/padma-cogniben\/"},"modified":"2025-07-28T14:32:57","modified_gmt":"2025-07-28T12:32:57","slug":"padma-cogniben","status":"publish","type":"product","link":"https:\/\/padma-original.com\/fr\/produit\/padma-cogniben\/","title":{"rendered":"Padma Cogniben"},"content":{"rendered":"<p>Padma Cogniben est une pr\u00e9paration \u00e0 base de plantes tib\u00e9taines fabriqu\u00e9e en Suisse selon les principes de l&rsquo;enseignement tib\u00e9tain en mati\u00e8re de sant\u00e9. Cette formule associe des ingr\u00e9dients v\u00e9g\u00e9taux soigneusement s\u00e9lectionn\u00e9s, dont le gingembre, la noix de muscade et le cumin, \u00e0 du fer. Ce min\u00e9ral soutient notamment la m\u00e9moire, aide \u00e0 lutter contre la fatigue et contribue au maintien des fonctions cognitives\u00b9.<\/p>\n<p>Padma Cogniben est con\u00e7u pour une utilisation quotidienne par les personnes qui souhaitent soutenir leur capacit\u00e9 de concentration et r\u00e9duire la fatigue\u00b9.<\/p>\n","protected":false},"excerpt":{"rendered":"<p>Padma Cogniben est une pr\u00e9paration \u00e0 base de plantes tib\u00e9taines fabriqu\u00e9e en Suisse selon les principes de l&rsquo;enseignement tib\u00e9tain en mati\u00e8re de sant\u00e9. Cette formule associe des ingr\u00e9dients v\u00e9g\u00e9taux soigneusement s\u00e9lectionn\u00e9s, dont le gingembre, la noix de muscade et le cumin, \u00e0 du fer. Ce min\u00e9ral soutient notamment la m\u00e9moire, aide \u00e0 lutter contre la fatigue et contribue au maintien\u2026<\/p>\n","protected":false},"featured_media":4415,"comment_status":"closed","ping_status":"closed","template":"","meta":{"_acf_changed":false,"inline_featured_image":false},"product_brand":[],"product_cat":[111],"product_tag":[],"class_list":{"0":"post-4411","1":"product","2":"type-product","3":"status-publish","4":"has-post-thumbnail","6":"product_cat-geen-onderdeel-van-een-categorie-2-fr","9":"first","10":"instock","11":"taxable","12":"shipping-taxable","13":"purchasable","14":"product-type-simple"},"acf":[],"_links":{"self":[{"href":"https:\/\/padma-original.com\/fr\/wp-json\/wp\/v2\/product\/4411","targetHints":{"allow":["GET"]}}],"collection":[{"href":"https:\/\/padma-original.com\/fr\/wp-json\/wp\/v2\/product"}],"about":[{"href":"https:\/\/padma-original.com\/fr\/wp-json\/wp\/v2\/types\/product"}],"replies":[{"embeddable":true,"href":"https:\/\/padma-original.com\/fr\/wp-json\/wp\/v2\/comments?post=4411"}],"wp:featuredmedia":[{"embeddable":true,"href":"https:\/\/padma-original.com\/fr\/wp-json\/wp\/v2\/media\/4415"}],"wp:attachment":[{"href":"https:\/\/padma-original.com\/fr\/wp-json\/wp\/v2\/media?parent=4411"}],"wp:term":[{"taxonomy":"product_brand","embeddable":true,"href":"https:\/\/padma-original.com\/fr\/wp-json\/wp\/v2\/product_brand?post=4411"},{"taxonomy":"product_cat","embeddable":true,"href":"https:\/\/padma-original.com\/fr\/wp-json\/wp\/v2\/product_cat?post=4411"},{"taxonomy":"product_tag","embeddable":true,"href":"https:\/\/padma-original.com\/fr\/wp-json\/wp\/v2\/product_tag?post=4411"}],"curies":[{"name":"wp","href":"https:\/\/api.w.org\/{rel}","templated":true}]}}