{"id":3954,"date":"2024-09-04T16:23:44","date_gmt":"2024-09-04T14:23:44","guid":{"rendered":"https:\/\/padma-original.com\/?post_type=product&#038;p=3954"},"modified":"2025-07-05T08:06:15","modified_gmt":"2025-07-05T06:06:15","slug":"padma-galeten-copy","status":"publish","type":"product","link":"https:\/\/padma-original.com\/de\/produkt\/padma-galeten-copy\/","title":{"rendered":"Padma Cogniben"},"content":{"rendered":"<p>Padma Cogniben ist ein tibetisches Kr\u00e4uterpr\u00e4parat, das in der Schweiz nach den Prinzipien der tibetischen Gesundheitslehren hergestellt wird. Die Formel kombiniert sorgf\u00e4ltig ausgew\u00e4hlte pflanzliche Inhaltsstoffe, darunter Ingwer, Muskatnuss und K\u00fcmmel, mit Eisen. Dieser Mineralstoff unterst\u00fctzt unter anderem das Ged\u00e4chtnis, hilft bei M\u00fcdigkeit und tr\u00e4gt zur Erhaltung der kognitiven Funktionen bei\u00b9.<\/p>\n<p>Padma Cogniben ist f\u00fcr die t\u00e4gliche Einnahme durch Personen bestimmt, die ihre Konzentrationsf\u00e4higkeit unterst\u00fctzen und M\u00fcdigkeit verringern wollen\u00b9.<\/p>\n","protected":false},"excerpt":{"rendered":"<p>Padma Cogniben ist ein tibetisches Kr\u00e4uterpr\u00e4parat, das in der Schweiz nach den Prinzipien der tibetischen Gesundheitslehren hergestellt wird. Die Formel kombiniert sorgf\u00e4ltig ausgew\u00e4hlte pflanzliche Inhaltsstoffe, darunter Ingwer, Muskatnuss und K\u00fcmmel, mit Eisen. Dieser Mineralstoff unterst\u00fctzt unter anderem das Ged\u00e4chtnis, hilft bei M\u00fcdigkeit und tr\u00e4gt zur Erhaltung der kognitiven Funktionen bei\u00b9. Padma Cogniben ist f\u00fcr die t\u00e4gliche Einnahme durch Personen bestimmt,&hellip;<\/p>\n","protected":false},"featured_media":3942,"comment_status":"closed","ping_status":"closed","template":"","meta":{"_acf_changed":false,"inline_featured_image":false},"product_brand":[],"product_cat":[72],"product_tag":[],"class_list":{"0":"post-3954","1":"product","2":"type-product","3":"status-publish","4":"has-post-thumbnail","6":"product_cat-geen-onderdeel-van-een-categorie-de","9":"first","10":"instock","11":"taxable","12":"shipping-taxable","13":"purchasable","14":"product-type-simple"},"acf":[],"_links":{"self":[{"href":"https:\/\/padma-original.com\/de\/wp-json\/wp\/v2\/product\/3954","targetHints":{"allow":["GET"]}}],"collection":[{"href":"https:\/\/padma-original.com\/de\/wp-json\/wp\/v2\/product"}],"about":[{"href":"https:\/\/padma-original.com\/de\/wp-json\/wp\/v2\/types\/product"}],"replies":[{"embeddable":true,"href":"https:\/\/padma-original.com\/de\/wp-json\/wp\/v2\/comments?post=3954"}],"wp:featuredmedia":[{"embeddable":true,"href":"https:\/\/padma-original.com\/de\/wp-json\/wp\/v2\/media\/3942"}],"wp:attachment":[{"href":"https:\/\/padma-original.com\/de\/wp-json\/wp\/v2\/media?parent=3954"}],"wp:term":[{"taxonomy":"product_brand","embeddable":true,"href":"https:\/\/padma-original.com\/de\/wp-json\/wp\/v2\/product_brand?post=3954"},{"taxonomy":"product_cat","embeddable":true,"href":"https:\/\/padma-original.com\/de\/wp-json\/wp\/v2\/product_cat?post=3954"},{"taxonomy":"product_tag","embeddable":true,"href":"https:\/\/padma-original.com\/de\/wp-json\/wp\/v2\/product_tag?post=3954"}],"curies":[{"name":"wp","href":"https:\/\/api.w.org\/{rel}","templated":true}]}}