{"id":3939,"date":"2024-09-04T16:14:40","date_gmt":"2024-09-04T14:14:40","guid":{"rendered":"https:\/\/padma-original.com\/?post_type=product&#038;p=3939"},"modified":"2025-11-01T18:14:25","modified_gmt":"2025-11-01T17:14:25","slug":"padma-venaben-copy","status":"publish","type":"product","link":"https:\/\/padma-original.com\/de\/produkt\/padma-venaben-copy\/","title":{"rendered":"Padma Galeten"},"content":{"rendered":"<p>Padma Galeten kombiniert Kr\u00e4uter mit Zink zur Unterst\u00fctzung des Fettstoffwechsels und des S\u00e4ure-Basen-Haushalts\u00b9. Das Erg\u00e4nzungsmittel ist von der traditionellen tibetischen &#8222;Garnag&#8220;-Rezeptur inspiriert und wird in der Schweiz nach hohen Qualit\u00e4tsstandards hergestellt.<\/p>\n","protected":false},"excerpt":{"rendered":"<p>Padma Galeten kombiniert Kr\u00e4uter mit Zink zur Unterst\u00fctzung des Fettstoffwechsels und des S\u00e4ure-Basen-Haushalts\u00b9. Das Erg\u00e4nzungsmittel ist von der traditionellen tibetischen &#8222;Garnag&#8220;-Rezeptur inspiriert und wird in der Schweiz nach hohen Qualit\u00e4tsstandards hergestellt.<\/p>\n","protected":false},"featured_media":3683,"comment_status":"closed","ping_status":"closed","template":"","meta":{"_acf_changed":false,"inline_featured_image":false},"product_brand":[],"product_cat":[72],"product_tag":[],"class_list":{"0":"post-3939","1":"product","2":"type-product","3":"status-publish","4":"has-post-thumbnail","6":"product_cat-geen-onderdeel-van-een-categorie-de","9":"first","10":"instock","11":"taxable","12":"shipping-taxable","13":"purchasable","14":"product-type-simple"},"acf":[],"_links":{"self":[{"href":"https:\/\/padma-original.com\/de\/wp-json\/wp\/v2\/product\/3939","targetHints":{"allow":["GET"]}}],"collection":[{"href":"https:\/\/padma-original.com\/de\/wp-json\/wp\/v2\/product"}],"about":[{"href":"https:\/\/padma-original.com\/de\/wp-json\/wp\/v2\/types\/product"}],"replies":[{"embeddable":true,"href":"https:\/\/padma-original.com\/de\/wp-json\/wp\/v2\/comments?post=3939"}],"wp:featuredmedia":[{"embeddable":true,"href":"https:\/\/padma-original.com\/de\/wp-json\/wp\/v2\/media\/3683"}],"wp:attachment":[{"href":"https:\/\/padma-original.com\/de\/wp-json\/wp\/v2\/media?parent=3939"}],"wp:term":[{"taxonomy":"product_brand","embeddable":true,"href":"https:\/\/padma-original.com\/de\/wp-json\/wp\/v2\/product_brand?post=3939"},{"taxonomy":"product_cat","embeddable":true,"href":"https:\/\/padma-original.com\/de\/wp-json\/wp\/v2\/product_cat?post=3939"},{"taxonomy":"product_tag","embeddable":true,"href":"https:\/\/padma-original.com\/de\/wp-json\/wp\/v2\/product_tag?post=3939"}],"curies":[{"name":"wp","href":"https:\/\/api.w.org\/{rel}","templated":true}]}}