{"id":346,"date":"2015-12-07T13:35:55","date_gmt":"2015-12-07T12:35:55","guid":{"rendered":"http:\/\/padma.sanopharm.com\/product\/padma-aciben\/?lang=de"},"modified":"2025-07-06T09:43:27","modified_gmt":"2025-07-06T07:43:27","slug":"padma-aciben","status":"publish","type":"product","link":"https:\/\/padma-original.com\/de\/produkt\/padma-aciben\/","title":{"rendered":"Padma Aciben"},"content":{"rendered":"<p>Padma Aciben ist ein tibetisches Kr\u00e4uterpr\u00e4parat, das in der Schweiz ganz nach den Prinzipien der tibetischen Gesundheitslehre hergestellt wird. Diese Rezeptur enth\u00e4lt sorgf\u00e4ltig ausgew\u00e4hlte pflanzliche Inhaltsstoffe und Rezepte, die traditionell in dieser alten Gesundheitslehre verwendet werden. Nach der tibetischen Kr\u00e4uterkunde geh\u00f6rt Padma Aciben zu den scharfen Geschmacksrichtungen.<\/p>\n<p>Der tibetische Ansatz konzentriert sich auf die Erhaltung des Gleichgewichts im K\u00f6rper. Padma Aciben wird unter anderem zur Unterst\u00fctzung der Verdauung\u00b9 im Rahmen einer ausgewogenen Lebensweise verwendet.<\/p>\n","protected":false},"excerpt":{"rendered":"<p>Padma Aciben ist ein tibetisches Kr\u00e4uterpr\u00e4parat, das in der Schweiz ganz nach den Prinzipien der tibetischen Gesundheitslehre hergestellt wird. Diese Rezeptur enth\u00e4lt sorgf\u00e4ltig ausgew\u00e4hlte pflanzliche Inhaltsstoffe und Rezepte, die traditionell in dieser alten Gesundheitslehre verwendet werden. Nach der tibetischen Kr\u00e4uterkunde geh\u00f6rt Padma Aciben zu den scharfen Geschmacksrichtungen. Der tibetische Ansatz konzentriert sich auf die Erhaltung des Gleichgewichts im K\u00f6rper. Padma&hellip;<\/p>\n","protected":false},"featured_media":4013,"comment_status":"closed","ping_status":"closed","template":"","meta":{"_acf_changed":false,"inline_featured_image":false},"product_brand":[],"product_cat":[72],"product_tag":[],"class_list":{"0":"post-346","1":"product","2":"type-product","3":"status-publish","4":"has-post-thumbnail","6":"product_cat-geen-onderdeel-van-een-categorie-de","9":"first","10":"instock","11":"taxable","12":"shipping-taxable","13":"purchasable","14":"product-type-simple"},"acf":[],"_links":{"self":[{"href":"https:\/\/padma-original.com\/de\/wp-json\/wp\/v2\/product\/346","targetHints":{"allow":["GET"]}}],"collection":[{"href":"https:\/\/padma-original.com\/de\/wp-json\/wp\/v2\/product"}],"about":[{"href":"https:\/\/padma-original.com\/de\/wp-json\/wp\/v2\/types\/product"}],"replies":[{"embeddable":true,"href":"https:\/\/padma-original.com\/de\/wp-json\/wp\/v2\/comments?post=346"}],"wp:featuredmedia":[{"embeddable":true,"href":"https:\/\/padma-original.com\/de\/wp-json\/wp\/v2\/media\/4013"}],"wp:attachment":[{"href":"https:\/\/padma-original.com\/de\/wp-json\/wp\/v2\/media?parent=346"}],"wp:term":[{"taxonomy":"product_brand","embeddable":true,"href":"https:\/\/padma-original.com\/de\/wp-json\/wp\/v2\/product_brand?post=346"},{"taxonomy":"product_cat","embeddable":true,"href":"https:\/\/padma-original.com\/de\/wp-json\/wp\/v2\/product_cat?post=346"},{"taxonomy":"product_tag","embeddable":true,"href":"https:\/\/padma-original.com\/de\/wp-json\/wp\/v2\/product_tag?post=346"}],"curies":[{"name":"wp","href":"https:\/\/api.w.org\/{rel}","templated":true}]}}