{"id":344,"date":"2015-12-07T13:36:10","date_gmt":"2015-12-07T12:36:10","guid":{"rendered":"http:\/\/padma.sanopharm.com\/product\/padma-hepaten\/?lang=de"},"modified":"2025-12-04T11:32:04","modified_gmt":"2025-12-04T10:32:04","slug":"padma-hepaten","status":"publish","type":"product","link":"https:\/\/padma-original.com\/de\/produkt\/padma-hepaten\/","title":{"rendered":"Padma Hepaten"},"content":{"rendered":"<p>Padma Hepaten kombiniert traditionelle tibetische Kr\u00e4uter mit Cholin, um die Reinigungsfunktion der Leber zu unterst\u00fctzen. Die Formel basiert auf der klassischen &#8222;Bras bu 3&#8220;-Rezeptur, auch bekannt als &#8222;3-Fr\u00fcchte-Formel&#8220;. Cholin tr\u00e4gt zur Aufrechterhaltung einer normalen Leberfunktion\u00b9 bei.<\/p>\n","protected":false},"excerpt":{"rendered":"<p>Padma Hepaten kombiniert traditionelle tibetische Kr\u00e4uter mit Cholin, um die Reinigungsfunktion der Leber zu unterst\u00fctzen. Die Formel basiert auf der klassischen &#8222;Bras bu 3&#8220;-Rezeptur, auch bekannt als &#8222;3-Fr\u00fcchte-Formel&#8220;. Cholin tr\u00e4gt zur Aufrechterhaltung einer normalen Leberfunktion\u00b9 bei.<\/p>\n","protected":false},"featured_media":3743,"comment_status":"closed","ping_status":"closed","template":"","meta":{"_acf_changed":false,"inline_featured_image":false},"product_brand":[],"product_cat":[72],"product_tag":[],"class_list":{"0":"post-344","1":"product","2":"type-product","3":"status-publish","4":"has-post-thumbnail","6":"product_cat-geen-onderdeel-van-een-categorie-de","9":"first","10":"instock","11":"taxable","12":"shipping-taxable","13":"purchasable","14":"product-type-simple"},"acf":[],"_links":{"self":[{"href":"https:\/\/padma-original.com\/de\/wp-json\/wp\/v2\/product\/344","targetHints":{"allow":["GET"]}}],"collection":[{"href":"https:\/\/padma-original.com\/de\/wp-json\/wp\/v2\/product"}],"about":[{"href":"https:\/\/padma-original.com\/de\/wp-json\/wp\/v2\/types\/product"}],"replies":[{"embeddable":true,"href":"https:\/\/padma-original.com\/de\/wp-json\/wp\/v2\/comments?post=344"}],"wp:featuredmedia":[{"embeddable":true,"href":"https:\/\/padma-original.com\/de\/wp-json\/wp\/v2\/media\/3743"}],"wp:attachment":[{"href":"https:\/\/padma-original.com\/de\/wp-json\/wp\/v2\/media?parent=344"}],"wp:term":[{"taxonomy":"product_brand","embeddable":true,"href":"https:\/\/padma-original.com\/de\/wp-json\/wp\/v2\/product_brand?post=344"},{"taxonomy":"product_cat","embeddable":true,"href":"https:\/\/padma-original.com\/de\/wp-json\/wp\/v2\/product_cat?post=344"},{"taxonomy":"product_tag","embeddable":true,"href":"https:\/\/padma-original.com\/de\/wp-json\/wp\/v2\/product_tag?post=344"}],"curies":[{"name":"wp","href":"https:\/\/api.w.org\/{rel}","templated":true}]}}