{"id":342,"date":"2015-12-07T13:34:32","date_gmt":"2015-12-07T12:34:32","guid":{"rendered":"http:\/\/padma.sanopharm.com\/product\/padma-basic\/?lang=de"},"modified":"2026-04-15T15:32:17","modified_gmt":"2026-04-15T13:32:17","slug":"padma-basic","status":"publish","type":"product","link":"https:\/\/padma-original.com\/de\/produkt\/padma-basic\/","title":{"rendered":"Padma Basic"},"content":{"rendered":"<p>Padma Basic ist ein pflanzliches Pr\u00e4parat, das seine Wurzeln in den alten tibetischen Gesundheitslehren hat. Die Rezeptur besteht aus 21 sorgf\u00e4ltig ausgew\u00e4hlten pflanzlichen Inhaltsstoffen und wird in der Schweiz nach strengen Qualit\u00e4tsstandards hergestellt. Padma Basic basiert auf der traditionellen Gabur-Formel, ebenso wie Padma 28N (ein in der Schweiz registriertes Arzneimittel).<\/p>\n<p>Die tibetische Gesundheitslehre konzentriert sich auf die Erhaltung des Gleichgewichts und die Unterst\u00fctzung des K\u00f6rpers. Padma Basic unterst\u00fctzt unter anderem den Kreislauf und das Immunsystem.\u00b9\u00b2<\/p>\n","protected":false},"excerpt":{"rendered":"<p>Padma Basic ist ein pflanzliches Pr\u00e4parat, das seine Wurzeln in den alten tibetischen Gesundheitslehren hat. Die Rezeptur besteht aus 21 sorgf\u00e4ltig ausgew\u00e4hlten pflanzlichen Inhaltsstoffen und wird in der Schweiz nach strengen Qualit\u00e4tsstandards hergestellt. Padma Basic basiert auf der traditionellen Gabur-Formel, ebenso wie Padma 28N (ein in der Schweiz registriertes Arzneimittel). Die tibetische Gesundheitslehre konzentriert sich auf die Erhaltung des Gleichgewichts&hellip;<\/p>\n","protected":false},"featured_media":3671,"comment_status":"closed","ping_status":"closed","template":"","meta":{"_acf_changed":false,"inline_featured_image":false},"product_brand":[],"product_cat":[72],"product_tag":[],"class_list":{"0":"post-342","1":"product","2":"type-product","3":"status-publish","4":"has-post-thumbnail","6":"product_cat-geen-onderdeel-van-een-categorie-de","9":"first","10":"instock","11":"taxable","12":"shipping-taxable","13":"purchasable","14":"product-type-simple"},"acf":[],"_links":{"self":[{"href":"https:\/\/padma-original.com\/de\/wp-json\/wp\/v2\/product\/342","targetHints":{"allow":["GET"]}}],"collection":[{"href":"https:\/\/padma-original.com\/de\/wp-json\/wp\/v2\/product"}],"about":[{"href":"https:\/\/padma-original.com\/de\/wp-json\/wp\/v2\/types\/product"}],"replies":[{"embeddable":true,"href":"https:\/\/padma-original.com\/de\/wp-json\/wp\/v2\/comments?post=342"}],"wp:featuredmedia":[{"embeddable":true,"href":"https:\/\/padma-original.com\/de\/wp-json\/wp\/v2\/media\/3671"}],"wp:attachment":[{"href":"https:\/\/padma-original.com\/de\/wp-json\/wp\/v2\/media?parent=342"}],"wp:term":[{"taxonomy":"product_brand","embeddable":true,"href":"https:\/\/padma-original.com\/de\/wp-json\/wp\/v2\/product_brand?post=342"},{"taxonomy":"product_cat","embeddable":true,"href":"https:\/\/padma-original.com\/de\/wp-json\/wp\/v2\/product_cat?post=342"},{"taxonomy":"product_tag","embeddable":true,"href":"https:\/\/padma-original.com\/de\/wp-json\/wp\/v2\/product_tag?post=342"}],"curies":[{"name":"wp","href":"https:\/\/api.w.org\/{rel}","templated":true}]}}