{"id":338,"date":"2015-12-07T13:35:25","date_gmt":"2015-12-07T12:35:25","guid":{"rendered":"http:\/\/padma.sanopharm.com\/product\/padma-digestin-2\/?lang=en"},"modified":"2025-08-16T21:47:49","modified_gmt":"2025-08-16T19:47:49","slug":"padma-digestin","status":"publish","type":"product","link":"https:\/\/padma-original.com\/de\/produkt\/padma-digestin\/","title":{"rendered":"Padma Digestin Plus"},"content":{"rendered":"<p>Padma Digestin ist ein tibetisches Kr\u00e4uterpr\u00e4parat, das in der Schweiz ganz nach den Prinzipien der tibetischen Gesundheitslehre hergestellt wird. Die Rezeptur basiert auf einer klassischen Se &#8218;bru 5-Rezeptur (ausgesprochen &#8222;Sendu&#8220;), die in dieser Tradition zur Unterst\u00fctzung der sogenannten Verdauungshitze verwendet wird. Nach den tibetischen Lehren ist dies ein grundlegendes Prinzip: Ein gut funktionierendes Verdauungssystem ist f\u00fcr die Verarbeitung der Nahrung und die Aufnahme von N\u00e4hrstoffen unerl\u00e4sslich.<\/p>\n","protected":false},"excerpt":{"rendered":"<p>Padma Digestin ist ein tibetisches Kr\u00e4uterpr\u00e4parat, das in der Schweiz ganz nach den Prinzipien der tibetischen Gesundheitslehre hergestellt wird. Die Rezeptur basiert auf einer klassischen Se &#8218;bru 5-Rezeptur (ausgesprochen &#8222;Sendu&#8220;), die in dieser Tradition zur Unterst\u00fctzung der sogenannten Verdauungshitze verwendet wird. Nach den tibetischen Lehren ist dies ein grundlegendes Prinzip: Ein gut funktionierendes Verdauungssystem ist f\u00fcr die Verarbeitung der Nahrung&hellip;<\/p>\n","protected":false},"featured_media":3719,"comment_status":"closed","ping_status":"closed","template":"","meta":{"_acf_changed":false,"inline_featured_image":false},"product_brand":[],"product_cat":[72],"product_tag":[],"class_list":{"0":"post-338","1":"product","2":"type-product","3":"status-publish","4":"has-post-thumbnail","6":"product_cat-geen-onderdeel-van-een-categorie-de","9":"first","10":"instock","11":"taxable","12":"shipping-taxable","13":"purchasable","14":"product-type-simple"},"acf":[],"_links":{"self":[{"href":"https:\/\/padma-original.com\/de\/wp-json\/wp\/v2\/product\/338","targetHints":{"allow":["GET"]}}],"collection":[{"href":"https:\/\/padma-original.com\/de\/wp-json\/wp\/v2\/product"}],"about":[{"href":"https:\/\/padma-original.com\/de\/wp-json\/wp\/v2\/types\/product"}],"replies":[{"embeddable":true,"href":"https:\/\/padma-original.com\/de\/wp-json\/wp\/v2\/comments?post=338"}],"wp:featuredmedia":[{"embeddable":true,"href":"https:\/\/padma-original.com\/de\/wp-json\/wp\/v2\/media\/3719"}],"wp:attachment":[{"href":"https:\/\/padma-original.com\/de\/wp-json\/wp\/v2\/media?parent=338"}],"wp:term":[{"taxonomy":"product_brand","embeddable":true,"href":"https:\/\/padma-original.com\/de\/wp-json\/wp\/v2\/product_brand?post=338"},{"taxonomy":"product_cat","embeddable":true,"href":"https:\/\/padma-original.com\/de\/wp-json\/wp\/v2\/product_cat?post=338"},{"taxonomy":"product_tag","embeddable":true,"href":"https:\/\/padma-original.com\/de\/wp-json\/wp\/v2\/product_tag?post=338"}],"curies":[{"name":"wp","href":"https:\/\/api.w.org\/{rel}","templated":true}]}}